{"id":1252,"date":"2024-12-04T13:32:36","date_gmt":"2024-12-04T13:32:36","guid":{"rendered":"http:\/\/localhost\/bentol\/?page_id=1252"},"modified":"2026-04-16T06:17:35","modified_gmt":"2026-04-16T06:17:35","slug":"about-us","status":"publish","type":"page","link":"https:\/\/www.tcp-global.eu\/sq\/about-us\/","title":{"rendered":"Rreth nesh"},"content":{"rendered":"<div data-elementor-type=\"wp-page\" data-elementor-id=\"1252\" class=\"elementor elementor-1252\">\n\t\t\t\t<div class=\"elementor-element elementor-element-6787274 e-con-full e-flex e-con e-parent\" data-id=\"6787274\" data-element_type=\"container\" data-e-type=\"container\">\n\t\t\t\t<div class=\"elementor-element elementor-element-6d09b88 elementor-widget elementor-widget-bentol-about-two\" data-id=\"6d09b88\" data-element_type=\"widget\" data-e-type=\"widget\" data-widget_type=\"bentol-about-two.default\">\n\t\t\t\t<div class=\"elementor-widget-container\">\n\t\t\t\t\t\r\n        <section class=\"about-section style-2 space bg-theme3\">\r\n            <div class=\"container\">\r\n                <div class=\"row gy-30 align-items-center\">\r\n                    <div class=\"col-lg-4 col-md-6 col-sm-6\">\r\n                        <div class=\"experience-wrapper\">\r\n                            <div class=\"experience-years\">\r\n                                <div class=\"inner\">\r\n                                    <span class=\"count-number odometer\" data-count=\"4\"><\/span>\r\n                                <\/div>\r\n                            <\/div>\r\n                            <div class=\"text\">\r\n\r\n                                                                    <div class=\"icon spin\"><img decoding=\"async\" src=\"https:\/\/bentol.themevally.com\/wp-content\/uploads\/2024\/11\/star2-1.png\" alt=\"icon\"><\/div>\r\n                                  \r\n\r\n                                <p>Years of experience<\/p>\r\n                            <\/div>\r\n                            <a class=\"popup-video\" href=\"https:\/\/www.tcp-global.eu\/sq\/certifications\/\" data-fancybox=\"video-gallery\">\r\n                                <div class=\"inner-popup\">\r\n                                    <span class=\"icon\">\r\n                                                                                    <svg aria-hidden=\"true\" class=\"e-font-icon-svg e-fas-certificate\" viewbox=\"0 0 512 512\" xmlns=\"http:\/\/www.w3.org\/2000\/svg\"><path d=\"M458.622 255.92l45.985-45.005c13.708-12.977 7.316-36.039-10.664-40.339l-62.65-15.99 17.661-62.015c4.991-17.838-11.829-34.663-29.661-29.671l-61.994 17.667-15.984-62.671C337.085.197 313.765-6.276 300.99 7.228L256 53.57 211.011 7.229c-12.63-13.351-36.047-7.234-40.325 10.668l-15.984 62.671-61.995-17.667C74.87 57.907 58.056 74.738 63.046 92.572l17.661 62.015-62.65 15.99C.069 174.878-6.31 197.944 7.392 210.915l45.985 45.005-45.985 45.004c-13.708 12.977-7.316 36.039 10.664 40.339l62.65 15.99-17.661 62.015c-4.991 17.838 11.829 34.663 29.661 29.671l61.994-17.667 15.984 62.671c4.439 18.575 27.696 24.018 40.325 10.668L256 458.61l44.989 46.001c12.5 13.488 35.987 7.486 40.325-10.668l15.984-62.671 61.994 17.667c17.836 4.994 34.651-11.837 29.661-29.671l-17.661-62.015 62.65-15.99c17.987-4.302 24.366-27.367 10.664-40.339l-45.984-45.004z\"><\/path><\/svg>                                                                            <\/span>\r\n                                <\/div>\r\n                            <\/a>\r\n                        <\/div>\r\n                    <\/div>\r\n            \r\n                    <div class=\"col-lg-5 col-md-6 col-sm-6\">\r\n                        <div class=\"about-content-wrap\">\r\n                            <div class=\"title-area twoT\">\r\n                                <div class=\"sub-title\">\r\n                                                                            <span><i class=\"asterisk\"><\/i><\/span>Rreth TCP Global                                                                    <\/div>\r\n                                <h2 class=\"sec-title\"><strong>A Trusted Partner in IT <\/strong>Asset Lifecycle Management<\/h2>\r\n                            <\/div>\r\n                            <ul class=\"features-list\">\r\n\r\n                                                                    <li style=\"background-image:url();\"> Secure and compliant asset handling<\/li>\r\n                                                                    <li style=\"background-image:url();\">Certified processes aligned with ISO standards<\/li>\r\n                                                                    <li style=\"background-image:url();\">Full traceability through chain of custody<\/li>\r\n                                \r\n                            <\/ul>\r\n\r\n                                                            <a href=\"https:\/\/www.tcp-global.eu\/sq\/kontaktoni\/\" class=\"theme-btn theme-btn bg-dark mt-40\">\r\n                                    <span class=\"link-effect\">\r\n                                        <span class=\"effect-1\">Na kontaktoni<\/span>\r\n                                        <span class=\"effect-1\">Na kontaktoni<\/span>\r\n                                    <\/span>\r\n                                                                            <i class=\"fa-regular fa-arrow-right-long\"><\/i>\r\n                                                                    <\/a>\r\n                            \r\n                        <\/div>\r\n                    <\/div>\r\n\r\n                    <div class=\"col-lg-3 col-md-12\">\r\n                        <div class=\"about-right-wrap\">\r\n                            <div class=\"image-box overlay-anim2\">\r\n\r\n                                                                    <img decoding=\"async\" class=\"br-10 w-100\" src=\"https:\/\/www.tcp-global.eu\/wp-content\/uploads\/2026\/04\/it-disposal.jpg\" alt=\"Image\">\r\n                                  \r\n\r\n                            <\/div>\r\n                            <div class=\"achievement-box bg-theme2 br-10\">\r\n                                <div class=\"p-top-left wow slideInLeft\" >\r\n                                                                            <img decoding=\"async\" class=\"br-10 w-100\" src=\"https:\/\/bentol.themevally.com\/wp-content\/uploads\/2024\/11\/shape01-1.png\" alt=\"shape\">\r\n                                     \r\n                                <\/div>\r\n\r\n                                <div class=\"p-bottom-right wow slideInRight\" >\r\n                                                                            <img decoding=\"async\" class=\"br-10 w-100\" src=\"https:\/\/bentol.themevally.com\/wp-content\/uploads\/2024\/11\/shape02.png\" alt=\"shape\">\r\n                                     \r\n                                <\/div>\r\n\r\n                                <div class=\"awards mb-50\"><span class=\"count-number odometer\" data-count=\"4\"><\/span><span class=\"plus\">+<\/span><\/div>\r\n\r\n                                <div class=\"content\">\r\n                                    <p>Certified ISO 9001 \u00b7 14001 \u00b7 27001<\/p>\r\n                                    <span class=\"icon\"><i class=\"icon-mom-star\" style=\"background-image:url(https:\/\/bentol.themevally.com\/wp-content\/uploads\/2024\/11\/mom-star.png);\"><\/i><\/span>\r\n                                <\/div>\r\n                            <\/div>\r\n                        <\/div>\r\n                    <\/div>\r\n                <\/div>\r\n            <\/div>\r\n        <\/section>\r\n\r\n        \t\t\t\t<\/div>\n\t\t\t\t<\/div>\n\t\t\t\t<\/div>\n\t\t<div class=\"elementor-element elementor-element-ea3be9b e-con-full e-flex e-con e-parent\" data-id=\"ea3be9b\" data-element_type=\"container\" data-e-type=\"container\">\n\t\t\t\t<div class=\"elementor-element elementor-element-e7c799a elementor-widget elementor-widget-bentol-marquee\" data-id=\"e7c799a\" data-element_type=\"widget\" data-e-type=\"widget\" data-widget_type=\"bentol-marquee.default\">\n\t\t\t\t<div class=\"elementor-widget-container\">\n\t\t\t\t\t\r\n        <div class=\"marquee-section overflow-hidden style-1\">\r\n\t\t\t            <div class=\"container-fluid p-0 overflow-hidden\">\r\n                <div class=\"slider__marquee clearfix marquee-wrap\">\r\n                    <ul class=\"marquee_mode marquee__group\">\r\n                                                    <li class=\"item m-item\">\r\n                                <img decoding=\"async\" class=\"icon\" src=\"https:\/\/bentol.themevally.com\/wp-content\/uploads\/2024\/11\/star3.png\" alt=\"image\">\r\n                                Secure Logistics                            <\/li>\r\n                                                    <li class=\"item m-item\">\r\n                                <img decoding=\"async\" class=\"icon\" src=\"https:\/\/bentol.themevally.com\/wp-content\/uploads\/2024\/11\/star3.png\" alt=\"image\">\r\n                                Data Destruction                            <\/li>\r\n                                                    <li class=\"item m-item\">\r\n                                <img decoding=\"async\" class=\"icon\" src=\"https:\/\/bentol.themevally.com\/wp-content\/uploads\/2024\/11\/star3.png\" alt=\"image\">\r\n                                IT Asset Disposal                            <\/li>\r\n                                                    <li class=\"item m-item\">\r\n                                <img decoding=\"async\" class=\"icon\" src=\"https:\/\/bentol.themevally.com\/wp-content\/uploads\/2024\/11\/star3.png\" alt=\"image\">\r\n                                Technical Services                            <\/li>\r\n                                                    <li class=\"item m-item\">\r\n                                <img decoding=\"async\" class=\"icon\" src=\"https:\/\/bentol.themevally.com\/wp-content\/uploads\/2024\/11\/star3.png\" alt=\"image\">\r\n                                Value Recovery                            <\/li>\r\n                                            <\/ul>\r\n                <\/div>\r\n            <\/div>\r\n        <\/div>\r\n\r\n        \t\t\t\t<\/div>\n\t\t\t\t<\/div>\n\t\t\t\t<\/div>\n\t\t<div class=\"elementor-element elementor-element-dd97b04 e-con-full e-flex e-con e-parent\" data-id=\"dd97b04\" data-element_type=\"container\" data-e-type=\"container\">\n\t\t\t\t<div class=\"elementor-element elementor-element-42035b3 elementor-widget elementor-widget-bentol_choose_five\" data-id=\"42035b3\" data-element_type=\"widget\" data-e-type=\"widget\" data-widget_type=\"bentol_choose_five.default\">\n\t\t\t\t<div class=\"elementor-widget-container\">\n\t\t\t\t\t\t\t<section class=\"choose-section space bg-light3 overflow-hidden style-5\">\r\n\t\t\t\t\t\t\t<div class=\"p-top-right wow slideInRight\"><img decoding=\"async\" src=\"https:\/\/bentol.themevally.com\/wp-content\/uploads\/2025\/03\/hm5-rightshape.png\" alt=\"Zgjidh form\u00ebn\"><\/div>\r\n\t\t\t\r\n\t\t\t\t\t\t\t<div class=\"p-bottom-right wow img-anim-right\"><img decoding=\"async\" src=\"https:\/\/bentol.themevally.com\/wp-content\/uploads\/2025\/03\/hm5-lineshape.png\" alt=\"Zgjidh form\u00ebn\"><\/div>\r\n\t\t\t\t\t\t<div class=\"container\">\r\n\t\t\t\t<div class=\"row\">\r\n\t\t\t\t\t\t\t\t\t\t\t<div class=\"col-lg-6 position-relative\">\r\n\t\t\t\t\t\t\t<div class=\"choose-thumb direction-rtl my--120 mr-30 nhb-mr-0\">\r\n\t\t\t\t\t\t\t\t\t\t\t\t\t\t\t\t\t<img decoding=\"async\" class=\"mw-inherit\" src=\"https:\/\/www.tcp-global.eu\/wp-content\/uploads\/2026\/04\/itadx.jpg\" alt=\"Zgjidh gishtin e madh\">\r\n\t\t\t\t\t\t\t\t\t\t\t\t\t\t\t<\/div>\r\n\t\t\t\t\t\t<\/div>\r\n\t\t\t\t\t\t\t\t\t\t<div class=\"col-lg-6\">\r\n\t\t\t\t\t\t<div class=\"choose-content-wrapper ml-30 nhb-ml-0\">\r\n\t\t\t\t\t\t\t\t\t\t\t\t\t\t\t<div class=\"title-area two\">\r\n\t\t\t\t\t\t\t\t\t\t\t\t\t\t\t\t\t\t\t<div class=\"sub-title\"><span><i class=\"asterisk\"><\/i><\/span>Rreth TCP Global\t\t\t\t\t\t\t\t\t\t<\/div>\r\n\t\t\t\t\t\t\t\t\t\t\t\t\t\t\t\t\t\t\t\t\t\t\t\t\t\t\t\t<h2 class=\"sec-title\">Nj\u00eb ekosistem i plot\u00eb p\u00ebr menaxhimin e ciklit t\u00eb jet\u00ebs s\u00eb aseteve IT<\/h2>\r\n\t\t\t\t\t\t\t\t\t\t\t\t\t\t\t\t\t<\/div>\r\n\t\t\t\t\t\t\t\r\n\t\t\t\t\t\t\t\t\t\t\t\t\t\t\t<div class=\"info-box\">\r\n\t\t\t\t\t\t\t\t\t<div class=\"icon\"><img decoding=\"async\" src=\"https:\/\/bentol.themevally.com\/wp-content\/uploads\/2025\/03\/choose01.png\" alt=\"Ikona\"><\/div>\r\n\t\t\t\t\t\t\t\t\t\t\t\t\t\t\t\t\t\t\t<p class=\"text mb-0\">TCP Global ofron zgjidhje t\u00eb integruara p\u00ebr menaxhimin e pajisjeve IT \u2014 nga logjistika e sigurt dhe shkat\u00ebrrimi i certifikuar i t\u00eb dh\u00ebnave deri te sh\u00ebrbimet teknike dhe rikuperimi i vler\u00ebs, t\u00eb gjitha p\u00ebrmes nj\u00eb partneri t\u00eb vet\u00ebm t\u00eb besuesh\u00ebm n\u00eb t\u00eb gjith\u00eb Evrop\u00ebn.<\/p>\r\n\t\t\t\t\t\t\t\t\t\t\t\t\t\t\t\t\t<\/div>\r\n\t\t\t\t\t\t\t\t\t\t\t\t\t\t<div class=\"py-40\"><div class=\"border\"><\/div><\/div>\r\n\t\t\t\t\t\t\t\t\t\t\t\t\t\t\t\t\t\t\t\t\t\t\t\t<ul class=\"features-list\">\r\n\t\t\t\t\t\t\t\t\t\t\t\t\t\t\t\t\t\t\t\t\t<li>Logjistik\u00eb e sigurt me zinxhir t\u00eb plot\u00eb t\u00eb kujdestaris\u00eb<\/li>\r\n\t\t\t\t\t\t\t\t\t\t\t\t\t\t\t\t\t\t\t\t\t<li>Fshirja dhe shkat\u00ebrrimi i t\u00eb dh\u00ebnave t\u00eb certifikuara ISO 27001<\/li>\r\n\t\t\t\t\t\t\t\t\t\t\t\t\t\t\t\t\t\t\t\t\t<li>Diagnostik\u00eb teknike, riparim dhe rinovim<\/li>\r\n\t\t\t\t\t\t\t\t\t\t\t\t\t\t\t\t\t\t\t<\/ul>\r\n\t\t\t\t\t\t\t\t\t\t\t\t\t\t\t\t\t\t\t\t\t<\/div>\r\n\t\t\t\t\t<\/div>\r\n\t\t\t\t<\/div>\r\n\t\t\t<\/div>\r\n\t\t<\/section>\r\n\t\t\t\t\t\t<\/div>\n\t\t\t\t<\/div>\n\t\t<div class=\"elementor-element elementor-element-da8ef08 e-con-full e-flex e-con e-child\" data-id=\"da8ef08\" data-element_type=\"container\" data-e-type=\"container\">\n\t\t\t\t<div class=\"elementor-element elementor-element-98437c0 elementor-widget elementor-widget-bentol-brands\" data-id=\"98437c0\" data-element_type=\"widget\" data-e-type=\"widget\" data-widget_type=\"bentol-brands.default\">\n\t\t\t\t<div class=\"elementor-widget-container\">\n\t\t\t\t\t\t\t<div class=\"brands-section space-bottom\">\r\n\t\t\t<div class=\"container\">\r\n\t\t\t\t<div class=\"row\">\r\n\t\t\t\t\t<div class=\"col-lg-12\">\r\n\t\t\t\t\t\t<div class=\"sponsors-outer\">\r\n\t\t\t\t\t\t\t<div class=\"trusted-partners mt--15\"><br \/> <span class=\"bg-white pr-10\">Ekosistemi yn\u00eb &amp; Partner\u00ebt strategjik\u00eb<\/span><\/div>\r\n\t\t\t\t\t\t\t<div class=\"brands-slider swiper\">\r\n\t\t\t\t\t\t\t\t<div class=\"swiper-wrapper\">\r\n\r\n\t\t\t\t\t\t\t\t\t\t\t\t\t\t\t\t\t\t\t<div class=\"swiper-slide\">\r\n\t\t\t\t\t\t\t\t\t\t\t\t\t\t\t\t\t\t\t\t\t\t\t<div class=\"brand-item\">\r\n\t\t\t\t\t\t\t\t\t\t\t\t\t<a class=\"image\" href=\"https:\/\/www.tcp-global.eu\/sq\/\">\r\n\t\t\t\t\t\t\t\t\t\t\t\t\t\t<img decoding=\"async\" src=\"https:\/\/www.tcp-global.eu\/wp-content\/uploads\/2026\/04\/tcp-global.png\" alt=\"image\">\r\n\t\t\t\t\t\t\t\t\t\t\t\t\t\t<img decoding=\"async\" src=\"https:\/\/www.tcp-global.eu\/wp-content\/uploads\/2026\/04\/tcp-global.png\" alt=\"image\">\r\n\t\t\t\t\t\t\t\t\t\t\t\t\t<\/a>\r\n\t\t\t\t\t\t\t\t\t\t\t\t<\/div>\r\n\t\t\t\t\t\t\t\t\t\t\t\t\t\t\t\t\t\t\t\t\t<\/div>\r\n\t\t\t\t\t\t\t\t\t\t\t\t\t\t\t\t\t\t\t<div class=\"swiper-slide\">\r\n\t\t\t\t\t\t\t\t\t\t\t\t\t\t\t\t\t\t\t\t\t\t\t<div class=\"brand-item\">\r\n\t\t\t\t\t\t\t\t\t\t\t\t\t<a class=\"image\" href=\"https:\/\/www.simpleitad.com\/\">\r\n\t\t\t\t\t\t\t\t\t\t\t\t\t\t<img decoding=\"async\" src=\"https:\/\/www.tcp-global.eu\/wp-content\/uploads\/2026\/04\/SimpleITad.png\" alt=\"image\">\r\n\t\t\t\t\t\t\t\t\t\t\t\t\t\t<img decoding=\"async\" src=\"https:\/\/www.tcp-global.eu\/wp-content\/uploads\/2026\/04\/SimpleITad.png\" alt=\"image\">\r\n\t\t\t\t\t\t\t\t\t\t\t\t\t<\/a>\r\n\t\t\t\t\t\t\t\t\t\t\t\t<\/div>\r\n\t\t\t\t\t\t\t\t\t\t\t\t\t\t\t\t\t\t\t\t\t<\/div>\r\n\t\t\t\t\t\t\t\t\t\t\t\t\t\t\t\t\t\t\t<div class=\"swiper-slide\">\r\n\t\t\t\t\t\t\t\t\t\t\t\t\t\t\t\t\t\t\t\t\t\t\t<div class=\"brand-item\">\r\n\t\t\t\t\t\t\t\t\t\t\t\t\t<a class=\"image\" href=\"https:\/\/consignment.dppstore.eu\/\">\r\n\t\t\t\t\t\t\t\t\t\t\t\t\t\t<img decoding=\"async\" src=\"https:\/\/www.tcp-global.eu\/wp-content\/uploads\/2026\/04\/DPPstore.png\" alt=\"image\">\r\n\t\t\t\t\t\t\t\t\t\t\t\t\t\t<img decoding=\"async\" src=\"https:\/\/www.tcp-global.eu\/wp-content\/uploads\/2026\/04\/DPPstore.png\" alt=\"image\">\r\n\t\t\t\t\t\t\t\t\t\t\t\t\t<\/a>\r\n\t\t\t\t\t\t\t\t\t\t\t\t<\/div>\r\n\t\t\t\t\t\t\t\t\t\t\t\t\t\t\t\t\t\t\t\t\t<\/div>\r\n\t\t\t\t\t\t\t\t\t\t\t\t\t\t\t\t\t\t\t<div class=\"swiper-slide\">\r\n\t\t\t\t\t\t\t\t\t\t\t\t\t\t\t\t\t\t\t\t\t\t\t<div class=\"brand-item\">\r\n\t\t\t\t\t\t\t\t\t\t\t\t\t<a class=\"image\" href=\"https:\/\/www.iblkn.eu\/\">\r\n\t\t\t\t\t\t\t\t\t\t\t\t\t\t<img decoding=\"async\" src=\"https:\/\/www.tcp-global.eu\/wp-content\/uploads\/2026\/04\/iblkn-1.jpg\" alt=\"image\">\r\n\t\t\t\t\t\t\t\t\t\t\t\t\t\t<img decoding=\"async\" src=\"https:\/\/www.tcp-global.eu\/wp-content\/uploads\/2026\/04\/iblkn-1.jpg\" alt=\"image\">\r\n\t\t\t\t\t\t\t\t\t\t\t\t\t<\/a>\r\n\t\t\t\t\t\t\t\t\t\t\t\t<\/div>\r\n\t\t\t\t\t\t\t\t\t\t\t\t\t\t\t\t\t\t\t\t\t<\/div>\r\n\t\t\t\t\t\t\t\t\t\r\n\t\t\t\t\t\t\t\t<\/div>\r\n\t\t\t\t\t\t\t<\/div>\r\n\t\t\t\t\t\t\t<div class=\"trusted-partners text-right mb--10\">Nj\u00eb rrjet i besuesh\u00ebm partner\u00ebsh dhe platformash q\u00eb mb\u00ebshtesin \u00e7do faz\u00eb t\u00eb ciklit t\u00eb jet\u00ebs s\u00eb aseteve IT.<\/div>\r\n\t\t\t\t\t\t<\/div>\r\n\t\t\t\t\t<\/div>\r\n\t\t\t\t<\/div>\r\n\t\t\t<\/div>\r\n\t\t<\/div>\r\n\r\n        \t\t\t\t<\/div>\n\t\t\t\t<\/div>\n\t\t\t\t<\/div>\n\t\t\t\t<\/div>\n\t\t<div class=\"elementor-element elementor-element-2417369 e-con-full e-flex e-con e-parent\" data-id=\"2417369\" data-element_type=\"container\" data-e-type=\"container\">\n\t\t\t\t<div class=\"elementor-element elementor-element-d791996 elementor-widget elementor-widget-bentol-achivement\" data-id=\"d791996\" data-element_type=\"widget\" data-e-type=\"widget\" data-widget_type=\"bentol-achivement.default\">\n\t\t\t\t<div class=\"elementor-widget-container\">\n\t\t\t\t\t\r\n        <section class=\"counter-section py-80 bg-theme2\">\r\n            <div class=\"p-top-left wow slideInLeft\">\r\n                                    <img decoding=\"async\" src=\"https:\/\/bentol.themevally.com\/wp-content\/uploads\/2024\/11\/achivement-shape01.png\" alt=\"shape\">\r\n                            <\/div>\r\n            <div class=\"p-bottom-right wow slideInRight\">\r\n                                    <img decoding=\"async\" src=\"https:\/\/bentol.themevally.com\/wp-content\/uploads\/2024\/11\/achivement-shape02.png\" alt=\"shape\">\r\n                            <\/div>\r\n            <div class=\"container\">\r\n                <div class=\"row align-items-center justify-content-between\">\r\n                    <div class=\"col-lg-5\">\r\n                        <div class=\"title-area mb-0 md-mb-40\">\r\n                            <h2 class=\"sec-title mb-0\">Trusted Across Europe. Built for Scale. <\/h2>\r\n                        <\/div>\r\n                    <\/div>\r\n                    <div class=\"col-lg-7\">\r\n                        <div class=\"achievement-stats\">\r\n                                                            <div class=\"stat-item\">\r\n                                    <div class=\"count-box\"><span class=\"count-number odometer\" data-count=\"100\"><\/span>%<\/div>\r\n                                    <p class=\"text\">Chain of Custody<\/p>\r\n                                <\/div>\r\n                                                            <div class=\"stat-item\">\r\n                                    <div class=\"count-box\"><span class=\"count-number odometer\" data-count=\"24\"><\/span>\/ 7<\/div>\r\n                                    <p class=\"text\">Operational Availability<\/p>\r\n                                <\/div>\r\n                                                            <div class=\"stat-item\">\r\n                                    <div class=\"count-box\"><span class=\"count-number odometer\" data-count=\"100\"><\/span>%<\/div>\r\n                                    <p class=\"text\">European Coverage<\/p>\r\n                                <\/div>\r\n                                                    <\/div>\r\n                    <\/div>\r\n                <\/div>\r\n            <\/div>\r\n        <\/section>\r\n\r\n        \t\t\t\t<\/div>\n\t\t\t\t<\/div>\n\t\t\t\t<\/div>\n\t\t<div class=\"elementor-element elementor-element-bae13cf e-con-full e-flex e-con e-parent\" data-id=\"bae13cf\" data-element_type=\"container\" data-e-type=\"container\">\n\t\t\t\t<div class=\"elementor-element elementor-element-ecc0826 elementor-widget elementor-widget-bentol-process-three\" data-id=\"ecc0826\" data-element_type=\"widget\" data-e-type=\"widget\" data-widget_type=\"bentol-process-three.default\">\n\t\t\t\t<div class=\"elementor-widget-container\">\n\t\t\t\t\t        \r\n        <section class=\"process-section style-3 space bg-light2\">\r\n            <div class=\"container\">\r\n                <div class=\"title-area three text-center\">\r\n                    <div class=\"sub-title\">\r\n                                                    <span><i class=\"asterisk\"><\/i><\/span>PROCESI YN\u00cb                                            <\/div>\r\n                    <h2 class=\"sec-title\">A Structured and Fully Traceable Workflow<\/h2>\r\n                <\/div>\r\n                <div class=\"row\">\r\n                    <div class=\"col-lg-12\">\r\n                        <div class=\"process-all\">\r\n                            \r\n                                                                                            <div class=\"process-step\">\r\n                                    <div class=\"serial\">STEP - 1<\/div>\r\n                                    <div class=\"line\">\r\n                                        <div class=\"circle\"><\/div>\r\n                                        <div class=\"line-long\"><i class=\"line-long-arrow\"><\/i><\/div>\r\n                                    <\/div>\r\n                                    <div class=\"content\">\r\n                                        <h4 class=\"title\">Vler\u00ebsimi dhe planifikimi<\/h4>\r\n                                        <p class=\"text mb-0\">We evaluate your IT assets and define the optimal lifecycle strategy aligned with your operational and compliance requirements.<\/p>\r\n                                    <\/div>\r\n                                <\/div>\r\n                                                                                                                            <div class=\"process-step\">\r\n                                    <div class=\"serial\">STEP - 2<\/div>\r\n                                    <div class=\"line\">\r\n                                        <div class=\"circle\"><\/div>\r\n                                        <div class=\"line-long\"><i class=\"line-long-arrow\"><\/i><\/div>\r\n                                    <\/div>\r\n                                    <div class=\"content\">\r\n                                        <h4 class=\"title\">Secure Collection &amp; Logistics<\/h4>\r\n                                        <p class=\"text mb-0\">Assets are securely collected transported and tracked through strict chain of custody procedures.<\/p>\r\n                                    <\/div>\r\n                                <\/div>\r\n                                                                                                                            <div class=\"process-step\">\r\n                                    <div class=\"serial\">STEP - 3<\/div>\r\n                                    <div class=\"line\">\r\n                                        <div class=\"circle\"><\/div>\r\n                                        <div class=\"line-long\"><i class=\"line-long-arrow\"><\/i><\/div>\r\n                                    <\/div>\r\n                                    <div class=\"content\">\r\n                                        <h4 class=\"title\">Data Processing &amp; Technical Services<\/h4>\r\n                                        <p class=\"text mb-0\">Certified data erasure diagnostics repair and refurbishment are performed in controlled environments.<\/p>\r\n                                    <\/div>\r\n                                <\/div>\r\n                                                                                                                            <div class=\"process-step\">\r\n                                    <div class=\"serial\">STEP - 4<\/div>\r\n                                    <div class=\"line\">\r\n                                        <div class=\"circle\"><\/div>\r\n                                        <div class=\"line-long\"><i class=\"line-long-arrow\"><\/i><\/div>\r\n                                    <\/div>\r\n                                    <div class=\"content\">\r\n                                        <h4 class=\"title\">Raportimi &amp; Rimarrja e Vler\u00ebs<\/h4>\r\n                                        <p class=\"text mb-0\">Full documentation is provided along with compliance reports and optimized financial return where applicable.<\/p>\r\n                                    <\/div>\r\n                                <\/div>\r\n                                                                                        \r\n                        <\/div>\r\n                    <\/div>\r\n                <\/div>\r\n            <\/div>\r\n        <\/section>\r\n\r\n\r\n        \t\t\t\t<\/div>\n\t\t\t\t<\/div>\n\t\t\t\t<\/div>\n\t\t\t\t<\/div>","protected":false},"excerpt":{"rendered":"<p>Years of experience ABOUT TCP GLOBAL A Trusted Partner in IT Asset Lifecycle Management Secure and compliant asset handling Certified processes aligned with ISO standards Full traceability through chain of custody Contact Us Contact Us + Certified ISO 9001 \u00b7 14001 \u00b7 27001 Secure Logistics Data Destruction IT Asset Disposal Technical Services Value Recovery ABOUT <\/p>","protected":false},"author":1,"featured_media":2370,"parent":0,"menu_order":0,"comment_status":"closed","ping_status":"closed","template":"","meta":{"_acf_changed":false,"_joinchat":[],"footnotes":""},"class_list":["post-1252","page","type-page","status-publish","has-post-thumbnail","hentry"],"acf":[],"_links":{"self":[{"href":"https:\/\/www.tcp-global.eu\/sq\/wp-json\/wp\/v2\/pages\/1252","targetHints":{"allow":["GET"]}}],"collection":[{"href":"https:\/\/www.tcp-global.eu\/sq\/wp-json\/wp\/v2\/pages"}],"about":[{"href":"https:\/\/www.tcp-global.eu\/sq\/wp-json\/wp\/v2\/types\/page"}],"author":[{"embeddable":true,"href":"https:\/\/www.tcp-global.eu\/sq\/wp-json\/wp\/v2\/users\/1"}],"replies":[{"embeddable":true,"href":"https:\/\/www.tcp-global.eu\/sq\/wp-json\/wp\/v2\/comments?post=1252"}],"version-history":[{"count":19,"href":"https:\/\/www.tcp-global.eu\/sq\/wp-json\/wp\/v2\/pages\/1252\/revisions"}],"predecessor-version":[{"id":5817,"href":"https:\/\/www.tcp-global.eu\/sq\/wp-json\/wp\/v2\/pages\/1252\/revisions\/5817"}],"wp:featuredmedia":[{"embeddable":true,"href":"https:\/\/www.tcp-global.eu\/sq\/wp-json\/wp\/v2\/media\/2370"}],"wp:attachment":[{"href":"https:\/\/www.tcp-global.eu\/sq\/wp-json\/wp\/v2\/media?parent=1252"}],"curies":[{"name":"wp","href":"https:\/\/api.w.org\/{rel}","templated":true}]}}