{"id":2,"date":"2026-04-15T05:26:53","date_gmt":"2026-04-15T05:26:53","guid":{"rendered":"https:\/\/www.tcp-global.eu\/?page_id=2"},"modified":"2026-04-16T06:35:04","modified_gmt":"2026-04-16T06:35:04","slug":"certifications","status":"publish","type":"page","link":"https:\/\/www.tcp-global.eu\/sq\/certifications\/","title":{"rendered":"Certifikimet"},"content":{"rendered":"<div data-elementor-type=\"wp-page\" data-elementor-id=\"2\" class=\"elementor elementor-2\">\n\t\t\t\t<div class=\"elementor-element elementor-element-6cc5833 e-con-full e-flex e-con e-parent\" data-id=\"6cc5833\" data-element_type=\"container\" data-e-type=\"container\" data-settings=\"{&quot;background_background&quot;:&quot;classic&quot;}\">\n\t\t\t\t<div class=\"elementor-element elementor-element-4c78ce4 elementor-widget elementor-widget-bentol_feature_four\" data-id=\"4c78ce4\" data-element_type=\"widget\" data-e-type=\"widget\" data-widget_type=\"bentol_feature_four.default\">\n\t\t\t\t<div class=\"elementor-widget-container\">\n\t\t\t\t\t        <section class=\"feature-section space style-4\">\r\n            <div class=\"container\">\r\n                                                            <div class=\"row\">\r\n                            <div class=\"col-lg-12\">\r\n                                <div class=\"feature-title-area d-flex justify-content-between sm-flex-column sm-mb-30\">\r\n                                    <div class=\"title-area three\">\r\n                                                                                    <div class=\"sub-title\"><span><i class=\"asterisk\"><\/i><\/span>CERTIFICATIONS<\/div>\r\n                                                                                <h2 class=\"sec-title mb-0\">Certified for Quality, Security, and Compliance<\/h2>\r\n                                    <\/div>\r\n                                                                                                                        <div class=\"service-btn sm-justify-content-start\">\r\n                                                <a href=\"https:\/\/www.tcp-global.eu\/sq\/kontaktoni\/\" class=\"theme-btn bg-dark\">\r\n                                                    <span class=\"link-effect\">\r\n                                                        <span class=\"effect-1\">Na kontaktoni<\/span>\r\n                                                        <span class=\"effect-1\">Na kontaktoni<\/span>\r\n                                                    <\/span>\r\n                                                    <i class=\"fa-regular fa-arrow-right-long\"><\/i>\r\n                                                <\/a>\r\n                                            <\/div>\r\n                                                                                                            <\/div>\r\n                            <\/div>\r\n                        <\/div>\r\n                                                                        <div class=\"row gy-30\">\r\n                                                    <div class=\"col-lg-4 col-md-6\">\r\n                                <div class=\"feature-box-four\">\r\n                                    <div class=\"inner\">\r\n                                        <div class=\"image-box\">\r\n                                                                                                                                <\/div>\r\n                                        <div class=\"content\">\r\n                                                                                            <h4 class=\"title\"><a href=\"https:\/\/www.tcp-global.eu\/sq\/request-quote\/\">ISO 9001<\/a><\/h4>\r\n                                                                                                                                        <p class=\"text\">Quality Management Systems ensuring consistent and reliable service delivery.<\/p>\r\n                                                                                        <a href=\"https:\/\/www.tcp-global.eu\/sq\/request-quote\/\" class=\"service-btn\">M\u00ebso m\u00eb shum\u00eb <i class=\"fa fa-arrow-right-long\"><\/i><\/a>\r\n                                        <\/div>\r\n                                    <\/div>\r\n                                <\/div>\r\n                            <\/div>\r\n                                                    <div class=\"col-lg-4 col-md-6\">\r\n                                <div class=\"feature-box-four\">\r\n                                    <div class=\"inner\">\r\n                                        <div class=\"image-box\">\r\n                                                                                                                                <\/div>\r\n                                        <div class=\"content\">\r\n                                                                                            <h4 class=\"title\"><a href=\"https:\/\/www.tcp-global.eu\/sq\/request-quote\/\">ISO 14001<\/a><\/h4>\r\n                                                                                                                                        <p class=\"text\">Environmental Management Systems aligned with sustainable and responsible operations.<\/p>\r\n                                                                                        <a href=\"https:\/\/www.tcp-global.eu\/sq\/request-quote\/\" class=\"service-btn\">M\u00ebso m\u00eb shum\u00eb <i class=\"fa fa-arrow-right-long\"><\/i><\/a>\r\n                                        <\/div>\r\n                                    <\/div>\r\n                                <\/div>\r\n                            <\/div>\r\n                                                    <div class=\"col-lg-4 col-md-6\">\r\n                                <div class=\"feature-box-four\">\r\n                                    <div class=\"inner\">\r\n                                        <div class=\"image-box\">\r\n                                                                                                                                <\/div>\r\n                                        <div class=\"content\">\r\n                                                                                            <h4 class=\"title\"><a href=\"https:\/\/www.tcp-global.eu\/sq\/request-quote\/\">ISO 27001<\/a><\/h4>\r\n                                                                                                                                        <p class=\"text\">Information Security Management ensuring the protection and confidentiality of data.<\/p>\r\n                                                                                        <a href=\"https:\/\/www.tcp-global.eu\/sq\/request-quote\/\" class=\"service-btn\">M\u00ebso m\u00eb shum\u00eb <i class=\"fa fa-arrow-right-long\"><\/i><\/a>\r\n                                        <\/div>\r\n                                    <\/div>\r\n                                <\/div>\r\n                            <\/div>\r\n                                            <\/div>\r\n                            <\/div>\r\n        <\/section>\r\n        \t\t\t\t<\/div>\n\t\t\t\t<\/div>\n\t\t\t\t<\/div>\n\t\t<div class=\"elementor-element elementor-element-ef49972 e-con-full e-flex e-con e-parent\" data-id=\"ef49972\" data-element_type=\"container\" data-e-type=\"container\">\n\t\t\t\t<div class=\"elementor-element elementor-element-9b2e3e6 elementor-widget elementor-widget-bentol-brands\" data-id=\"9b2e3e6\" data-element_type=\"widget\" data-e-type=\"widget\" data-widget_type=\"bentol-brands.default\">\n\t\t\t\t<div class=\"elementor-widget-container\">\n\t\t\t\t\t\t\t<div class=\"brands-section space-bottom\">\r\n\t\t\t<div class=\"container\">\r\n\t\t\t\t<div class=\"row\">\r\n\t\t\t\t\t<div class=\"col-lg-12\">\r\n\t\t\t\t\t\t<div class=\"sponsors-outer\">\r\n\t\t\t\t\t\t\t<div class=\"trusted-partners mt--15\"><br \/> <span class=\"bg-white pr-10\">Ekosistemi yn\u00eb &amp; Partner\u00ebt strategjik\u00eb<\/span><\/div>\r\n\t\t\t\t\t\t\t<div class=\"brands-slider swiper\">\r\n\t\t\t\t\t\t\t\t<div class=\"swiper-wrapper\">\r\n\r\n\t\t\t\t\t\t\t\t\t\t\t\t\t\t\t\t\t\t\t<div class=\"swiper-slide\">\r\n\t\t\t\t\t\t\t\t\t\t\t\t\t\t\t\t\t\t\t\t\t\t\t<div class=\"brand-item\">\r\n\t\t\t\t\t\t\t\t\t\t\t\t\t<a class=\"image\" href=\"https:\/\/www.tcp-global.eu\/sq\/\">\r\n\t\t\t\t\t\t\t\t\t\t\t\t\t\t<img decoding=\"async\" src=\"https:\/\/www.tcp-global.eu\/wp-content\/uploads\/2026\/04\/tcp-global.png\" alt=\"image\">\r\n\t\t\t\t\t\t\t\t\t\t\t\t\t\t<img decoding=\"async\" src=\"https:\/\/www.tcp-global.eu\/wp-content\/uploads\/2026\/04\/tcp-global.png\" alt=\"image\">\r\n\t\t\t\t\t\t\t\t\t\t\t\t\t<\/a>\r\n\t\t\t\t\t\t\t\t\t\t\t\t<\/div>\r\n\t\t\t\t\t\t\t\t\t\t\t\t\t\t\t\t\t\t\t\t\t<\/div>\r\n\t\t\t\t\t\t\t\t\t\t\t\t\t\t\t\t\t\t\t<div class=\"swiper-slide\">\r\n\t\t\t\t\t\t\t\t\t\t\t\t\t\t\t\t\t\t\t\t\t\t\t<div class=\"brand-item\">\r\n\t\t\t\t\t\t\t\t\t\t\t\t\t<a class=\"image\" href=\"https:\/\/www.simpleitad.com\/\">\r\n\t\t\t\t\t\t\t\t\t\t\t\t\t\t<img decoding=\"async\" src=\"https:\/\/www.tcp-global.eu\/wp-content\/uploads\/2026\/04\/SimpleITad.png\" alt=\"image\">\r\n\t\t\t\t\t\t\t\t\t\t\t\t\t\t<img decoding=\"async\" src=\"https:\/\/www.tcp-global.eu\/wp-content\/uploads\/2026\/04\/SimpleITad.png\" alt=\"image\">\r\n\t\t\t\t\t\t\t\t\t\t\t\t\t<\/a>\r\n\t\t\t\t\t\t\t\t\t\t\t\t<\/div>\r\n\t\t\t\t\t\t\t\t\t\t\t\t\t\t\t\t\t\t\t\t\t<\/div>\r\n\t\t\t\t\t\t\t\t\t\t\t\t\t\t\t\t\t\t\t<div class=\"swiper-slide\">\r\n\t\t\t\t\t\t\t\t\t\t\t\t\t\t\t\t\t\t\t\t\t\t\t<div class=\"brand-item\">\r\n\t\t\t\t\t\t\t\t\t\t\t\t\t<a class=\"image\" href=\"https:\/\/consignment.dppstore.eu\/\">\r\n\t\t\t\t\t\t\t\t\t\t\t\t\t\t<img decoding=\"async\" src=\"https:\/\/www.tcp-global.eu\/wp-content\/uploads\/2026\/04\/DPPstore.png\" alt=\"image\">\r\n\t\t\t\t\t\t\t\t\t\t\t\t\t\t<img decoding=\"async\" src=\"https:\/\/www.tcp-global.eu\/wp-content\/uploads\/2026\/04\/DPPstore.png\" alt=\"image\">\r\n\t\t\t\t\t\t\t\t\t\t\t\t\t<\/a>\r\n\t\t\t\t\t\t\t\t\t\t\t\t<\/div>\r\n\t\t\t\t\t\t\t\t\t\t\t\t\t\t\t\t\t\t\t\t\t<\/div>\r\n\t\t\t\t\t\t\t\t\t\t\t\t\t\t\t\t\t\t\t<div class=\"swiper-slide\">\r\n\t\t\t\t\t\t\t\t\t\t\t\t\t\t\t\t\t\t\t\t\t\t\t<div class=\"brand-item\">\r\n\t\t\t\t\t\t\t\t\t\t\t\t\t<a class=\"image\" href=\"https:\/\/www.iblkn.eu\/\">\r\n\t\t\t\t\t\t\t\t\t\t\t\t\t\t<img decoding=\"async\" src=\"https:\/\/www.tcp-global.eu\/wp-content\/uploads\/2026\/04\/iblkn-1.jpg\" alt=\"image\">\r\n\t\t\t\t\t\t\t\t\t\t\t\t\t\t<img decoding=\"async\" src=\"https:\/\/www.tcp-global.eu\/wp-content\/uploads\/2026\/04\/iblkn-1.jpg\" alt=\"image\">\r\n\t\t\t\t\t\t\t\t\t\t\t\t\t<\/a>\r\n\t\t\t\t\t\t\t\t\t\t\t\t<\/div>\r\n\t\t\t\t\t\t\t\t\t\t\t\t\t\t\t\t\t\t\t\t\t<\/div>\r\n\t\t\t\t\t\t\t\t\t\r\n\t\t\t\t\t\t\t\t<\/div>\r\n\t\t\t\t\t\t\t<\/div>\r\n\t\t\t\t\t\t\t<div class=\"trusted-partners text-right mb--10\">Nj\u00eb rrjet i besuesh\u00ebm partner\u00ebsh dhe platformash q\u00eb mb\u00ebshtesin \u00e7do faz\u00eb t\u00eb ciklit t\u00eb jet\u00ebs s\u00eb aseteve IT.<\/div>\r\n\t\t\t\t\t\t<\/div>\r\n\t\t\t\t\t<\/div>\r\n\t\t\t\t<\/div>\r\n\t\t\t<\/div>\r\n\t\t<\/div>\r\n\r\n        \t\t\t\t<\/div>\n\t\t\t\t<\/div>\n\t\t\t\t<\/div>\n\t\t<div class=\"elementor-element elementor-element-3ae3787 e-con-full e-flex e-con e-parent\" data-id=\"3ae3787\" data-element_type=\"container\" data-e-type=\"container\" data-settings=\"{&quot;background_background&quot;:&quot;classic&quot;}\">\n\t\t\t\t<div class=\"elementor-element elementor-element-75d5cb8 elementor-widget elementor-widget-bentol_feature_four\" data-id=\"75d5cb8\" data-element_type=\"widget\" data-e-type=\"widget\" data-widget_type=\"bentol_feature_four.default\">\n\t\t\t\t<div class=\"elementor-widget-container\">\n\t\t\t\t\t        <section class=\"feature-section space style-4\">\r\n            <div class=\"container\">\r\n                                                            <div class=\"row\">\r\n                            <div class=\"col-lg-12\">\r\n                                <div class=\"feature-title-area d-flex justify-content-between sm-flex-column sm-mb-30\">\r\n                                    <div class=\"title-area three\">\r\n                                                                                    <div class=\"sub-title\"><span><i class=\"asterisk\"><\/i><\/span>TCP GLOBAL <\/div>\r\n                                                                                <h2 class=\"sec-title mb-0\">Ekosistemi yn\u00eb i markave t\u00eb specializuara<\/h2>\r\n                                    <\/div>\r\n                                                                                                                        <div class=\"service-btn sm-justify-content-start\">\r\n                                                <a href=\"https:\/\/www.tcp-global.eu\/sq\/request-quote\/\" class=\"theme-btn bg-dark\">\r\n                                                    <span class=\"link-effect\">\r\n                                                        <span class=\"effect-1\">K\u00ebrko nj\u00eb ofert\u00eb<\/span>\r\n                                                        <span class=\"effect-1\">K\u00ebrko nj\u00eb ofert\u00eb<\/span>\r\n                                                    <\/span>\r\n                                                    <i class=\"fa-regular fa-arrow-right-long\"><\/i>\r\n                                                <\/a>\r\n                                            <\/div>\r\n                                                                                                            <\/div>\r\n                            <\/div>\r\n                        <\/div>\r\n                                                                        <div class=\"row gy-30\">\r\n                                                    <div class=\"col-lg-4 col-md-6\">\r\n                                <div class=\"feature-box-four\">\r\n                                    <div class=\"inner\">\r\n                                        <div class=\"image-box\">\r\n                                                                                            <div class=\"thumb\"><img decoding=\"async\" src=\"https:\/\/www.tcp-global.eu\/wp-content\/uploads\/2026\/04\/iblkn.jpg\" alt=\"\"><\/div>\r\n                                                                                                                                        <div class=\"service-icon\"><img decoding=\"async\" src=\"https:\/\/bentol.themevally.com\/wp-content\/uploads\/2025\/03\/target01.png\" alt=\"\"><\/div>\r\n                                                                                    <\/div>\r\n                                        <div class=\"content\">\r\n                                                                                            <h4 class=\"title\"><a href=\"https:\/\/www.iBLKN.Eu\">iBLKN \u2014<br \/> Sh\u00ebrbime IT &amp; Riparime<\/a><\/h4>\r\n                                                                                                                                        <p class=\"text\">Sh\u00ebrbime profesionale p\u00ebr riparimin e IT-s\u00eb, diagnostikimin dhe harduerin, t\u00eb ofruara nga teknik\u00eb t\u00eb certifikuar n\u00eb t\u00eb gjith\u00eb Evrop\u00ebn.<\/p>\r\n                                                                                        <a href=\"https:\/\/www.iBLKN.Eu\" class=\"service-btn\">M\u00ebso m\u00eb shum\u00eb <i class=\"fa fa-arrow-right-long\"><\/i><\/a>\r\n                                        <\/div>\r\n                                    <\/div>\r\n                                <\/div>\r\n                            <\/div>\r\n                                                    <div class=\"col-lg-4 col-md-6\">\r\n                                <div class=\"feature-box-four\">\r\n                                    <div class=\"inner\">\r\n                                        <div class=\"image-box\">\r\n                                                                                            <div class=\"thumb\"><img decoding=\"async\" src=\"https:\/\/www.tcp-global.eu\/wp-content\/uploads\/2026\/04\/it-disposal.jpg\" alt=\"\"><\/div>\r\n                                                                                                                                        <div class=\"service-icon\"><img decoding=\"async\" src=\"https:\/\/bentol.themevally.com\/wp-content\/uploads\/2025\/03\/growth-chart3.png\" alt=\"\"><\/div>\r\n                                                                                    <\/div>\r\n                                        <div class=\"content\">\r\n                                                                                            <h4 class=\"title\"><a href=\"https:\/\/www.SimpleItad.com\">SimpleITAD \u2014<br \/> Shlyerja e Aseteve IT (SHBA)<\/a><\/h4>\r\n                                                                                                                                        <p class=\"text\">Sh\u00ebrbime t\u00eb sigurta dhe n\u00eb p\u00ebrputhje me rregulloret p\u00ebr asgj\u00ebsimin e aseteve IT, t\u00eb p\u00ebrshtatura p\u00ebr tregun amerikan, duke p\u00ebrfshir\u00eb shkat\u00ebrrimin e t\u00eb dh\u00ebnave t\u00eb certifikuar dhe rikuperimin e aseteve.<\/p>\r\n                                                                                        <a href=\"https:\/\/www.SimpleItad.com\" class=\"service-btn\">M\u00ebso m\u00eb shum\u00eb <i class=\"fa fa-arrow-right-long\"><\/i><\/a>\r\n                                        <\/div>\r\n                                    <\/div>\r\n                                <\/div>\r\n                            <\/div>\r\n                                                    <div class=\"col-lg-4 col-md-6\">\r\n                                <div class=\"feature-box-four\">\r\n                                    <div class=\"inner\">\r\n                                        <div class=\"image-box\">\r\n                                                                                            <div class=\"thumb\"><img decoding=\"async\" src=\"https:\/\/www.tcp-global.eu\/wp-content\/uploads\/2026\/04\/software-you-wipe.jpg\" alt=\"\"><\/div>\r\n                                                                                                                                        <div class=\"service-icon\"><img decoding=\"async\" src=\"https:\/\/bentol.themevally.com\/wp-content\/uploads\/2025\/03\/rocket01.png\" alt=\"\"><\/div>\r\n                                                                                    <\/div>\r\n                                        <div class=\"content\">\r\n                                                                                            <h4 class=\"title\"><a href=\"https:\/\/youwipe.com\/\">TiFsh \u2014<br \/> Shp\u00ebrndarja e softuerit<\/a><\/h4>\r\n                                                                                                                                        <p class=\"text\">Shp\u00ebrndarje e autorizuar e softuerit p\u00ebr fshirjen e t\u00eb dh\u00ebnave dhe zgjidhjeve t\u00eb Microsoft-it, p\u00ebrfshir\u00eb YouWipe dhe sh\u00ebrbimet e licencimit t\u00eb Windows-it.<\/p>\r\n                                                                                        <a href=\"https:\/\/youwipe.com\/\" class=\"service-btn\">M\u00ebso m\u00eb shum\u00eb <i class=\"fa fa-arrow-right-long\"><\/i><\/a>\r\n                                        <\/div>\r\n                                    <\/div>\r\n                                <\/div>\r\n                            <\/div>\r\n                                            <\/div>\r\n                            <\/div>\r\n        <\/section>\r\n        \t\t\t\t<\/div>\n\t\t\t\t<\/div>\n\t\t\t\t<\/div>\n\t\t<div class=\"elementor-element elementor-element-947fff7 e-con-full e-flex e-con e-parent\" data-id=\"947fff7\" data-element_type=\"container\" data-e-type=\"container\">\n\t\t\t\t<div class=\"elementor-element elementor-element-2cad66a elementor-widget elementor-widget-bentol-process\" data-id=\"2cad66a\" data-element_type=\"widget\" data-e-type=\"widget\" data-widget_type=\"bentol-process.default\">\n\t\t\t\t<div class=\"elementor-widget-container\">\n\t\t\t\t\t\r\n        <section class=\"process-section space bg-white style-1 overflow-hidden\">\r\n            <div class=\"container\">\r\n                <div class=\"title-area three text-center\">\r\n                    <div class=\"sub-title\">\r\n                                                    <span><i class=\"asterisk\"><\/i><\/span>PROCESI YN\u00cb                                            <\/div>\r\n                    <h2 class=\"sec-title\">Nj\u00eb proces i thjesht\u00eb, i sigurt dhe plot\u00ebsisht i gjurmuesh\u00ebm<\/h2>\r\n                <\/div>\r\n\r\n                <div class=\"row gy-30\">\r\n                                            <div class=\"col-lg-4 col-md-6 col-sm-6 wow fadeInLeft\">\r\n                            <div class=\"process-single-box br-10\">\r\n                                <div class=\"inner-box\">\r\n                                    <div class=\"header\">\r\n                                        <div class=\"icon\">\r\n                                                                                            <img decoding=\"async\" src=\"https:\/\/bentol.themevally.com\/wp-content\/uploads\/2024\/11\/icon-comercial.png\" alt=\"Ikona\">\r\n                                                                                    <\/div> \r\n                                        <h4 class=\"title m-0\">Vler\u00ebsimi dhe planifikimi<\/h4>\r\n                                    <\/div>\r\n                                    <p class=\"text\">Ne vler\u00ebsojm\u00eb asetet tuaja t\u00eb IT-s\u00eb, p\u00ebrcaktojm\u00eb k\u00ebrkesat dhe hartojm\u00eb nj\u00eb strategji t\u00eb p\u00ebrshtatur p\u00ebr menaxhimin e ciklit t\u00eb jet\u00ebs.<\/p>\r\n                                    <div class=\"box-footer\">\r\n                                        <div class=\"box-count\">\r\n                                            <span>01<\/span>\r\n                                        <\/div>\r\n                                    <\/div>\r\n                                <\/div>\r\n                            <\/div>  \r\n                        <\/div>\r\n                                            <div class=\"col-lg-4 col-md-6 col-sm-6 wow fadeInLeft\">\r\n                            <div class=\"process-single-box br-10 current\">\r\n                                <div class=\"inner-box\">\r\n                                    <div class=\"header\">\r\n                                        <div class=\"icon\">\r\n                                                                                            <img decoding=\"async\" src=\"https:\/\/bentol.themevally.com\/wp-content\/uploads\/2024\/11\/icon-infomsg.png\" alt=\"Ikona\">\r\n                                                                                    <\/div> \r\n                                        <h4 class=\"title m-0\">Mbik\u00ebqyrje dhe p\u00ebrpunim i sigurt<\/h4>\r\n                                    <\/div>\r\n                                    <p class=\"text\">Asetet transportohen n\u00eb m\u00ebnyr\u00eb t\u00eb sigurt, ndiqen dhe p\u00ebrpunohen p\u00ebrmes proceseve t\u00eb certifikuara t\u00eb fshirjes s\u00eb t\u00eb dh\u00ebnave, riparimit ose rinovimit.<\/p>\r\n                                    <div class=\"box-footer\">\r\n                                        <div class=\"box-count\">\r\n                                            <span>02<\/span>\r\n                                        <\/div>\r\n                                    <\/div>\r\n                                <\/div>\r\n                            <\/div>  \r\n                        <\/div>\r\n                                            <div class=\"col-lg-4 col-md-6 col-sm-6 wow fadeInLeft\">\r\n                            <div class=\"process-single-box br-10\">\r\n                                <div class=\"inner-box\">\r\n                                    <div class=\"header\">\r\n                                        <div class=\"icon\">\r\n                                                                                            <img decoding=\"async\" src=\"https:\/\/bentol.themevally.com\/wp-content\/uploads\/2024\/11\/icon-finished.png\" alt=\"Ikona\">\r\n                                                                                    <\/div> \r\n                                        <h4 class=\"title m-0\">Raportimi &amp; Rimarrja e Vler\u00ebs<\/h4>\r\n                                    <\/div>\r\n                                    <p class=\"text\">Ju merrni dokumentacion t\u00eb plot\u00eb, raporte p\u00ebrputhshm\u00ebrie dhe kthim financiar t\u00eb optimizuar p\u00ebrmes shitjes ose asgj\u00ebsimit.<\/p>\r\n                                    <div class=\"box-footer\">\r\n                                        <div class=\"box-count\">\r\n                                            <span>03<\/span>\r\n                                        <\/div>\r\n                                    <\/div>\r\n                                <\/div>\r\n                            <\/div>  \r\n                        <\/div>\r\n                                    <\/div>\r\n            <\/div>\r\n        <\/section>\r\n\r\n\r\n        \t\t\t\t<\/div>\n\t\t\t\t<\/div>\n\t\t\t\t<\/div>\n\t\t\t\t<\/div>","protected":false},"excerpt":{"rendered":"<p>CERTIFICATIONS Certified for Quality, Security, and Compliance Contact Us Contact Us ISO 9001 Quality Management Systems ensuring consistent and reliable service delivery. Learn More ISO 14001 Environmental Management Systems aligned with sustainable and responsible operations. Learn More ISO 27001 Information Security Management ensuring the protection and confidentiality of data. Learn More Our Ecosystem &amp; Strategic <\/p>","protected":false},"author":1,"featured_media":0,"parent":0,"menu_order":0,"comment_status":"closed","ping_status":"closed","template":"","meta":{"_acf_changed":false,"_joinchat":[],"footnotes":""},"class_list":["post-2","page","type-page","status-publish","hentry"],"acf":[],"_links":{"self":[{"href":"https:\/\/www.tcp-global.eu\/sq\/wp-json\/wp\/v2\/pages\/2","targetHints":{"allow":["GET"]}}],"collection":[{"href":"https:\/\/www.tcp-global.eu\/sq\/wp-json\/wp\/v2\/pages"}],"about":[{"href":"https:\/\/www.tcp-global.eu\/sq\/wp-json\/wp\/v2\/types\/page"}],"author":[{"embeddable":true,"href":"https:\/\/www.tcp-global.eu\/sq\/wp-json\/wp\/v2\/users\/1"}],"replies":[{"embeddable":true,"href":"https:\/\/www.tcp-global.eu\/sq\/wp-json\/wp\/v2\/comments?post=2"}],"version-history":[{"count":11,"href":"https:\/\/www.tcp-global.eu\/sq\/wp-json\/wp\/v2\/pages\/2\/revisions"}],"predecessor-version":[{"id":5837,"href":"https:\/\/www.tcp-global.eu\/sq\/wp-json\/wp\/v2\/pages\/2\/revisions\/5837"}],"wp:attachment":[{"href":"https:\/\/www.tcp-global.eu\/sq\/wp-json\/wp\/v2\/media?parent=2"}],"curies":[{"name":"wp","href":"https:\/\/api.w.org\/{rel}","templated":true}]}}