{"id":3692,"date":"2025-03-17T17:53:22","date_gmt":"2025-03-17T17:53:22","guid":{"rendered":"http:\/\/localhost\/bentol\/my-account\/"},"modified":"2026-04-16T06:23:28","modified_gmt":"2026-04-16T06:23:28","slug":"request-quote","status":"publish","type":"page","link":"https:\/\/www.tcp-global.eu\/sq\/request-quote\/","title":{"rendered":"K\u00ebrko nj\u00eb ofert\u00eb"},"content":{"rendered":"<div data-elementor-type=\"wp-page\" data-elementor-id=\"3692\" class=\"elementor elementor-3692\">\n\t\t\t\t<div class=\"elementor-element elementor-element-6613501 e-con-full e-flex e-con e-parent\" data-id=\"6613501\" data-element_type=\"container\" data-e-type=\"container\">\n\t\t\t\t<div class=\"elementor-element elementor-element-99e5944 elementor-widget elementor-widget-bentol-contact\" data-id=\"99e5944\" data-element_type=\"widget\" data-e-type=\"widget\" data-widget_type=\"bentol-contact.default\">\n\t\t\t\t<div class=\"elementor-widget-container\">\n\t\t\t\t\t\r\n        <section class=\"contact-section space bg-white\">\r\n            <div class=\"p-top-left wow slideInLeft\">\r\n\r\n                                    <img decoding=\"async\" src=\"https:\/\/bentol.themevally.com\/wp-content\/uploads\/2024\/11\/contact-shape01.png\" alt=\"shape\">\r\n                \r\n            <\/div>\r\n            <div class=\"container\">\r\n                <div class=\"row\">\r\n                    <div class=\"col-lg-6\">\r\n                        <div class=\"appointment-form\">\r\n                            <div class=\"header\">\r\n                                <h2 class=\"title\">K\u00ebrkoni nj\u00eb ofert\u00eb \/ konsult\u00eb<\/h2>\r\n                                <span class=\"availability\">(i disponuesh\u00ebm 24\/7)<\/span>\r\n                            <\/div>\r\n                            \n<div class=\"wpcf7 no-js\" id=\"wpcf7-f2256-o1\" lang=\"en-US\" dir=\"ltr\" data-wpcf7-id=\"2256\">\n<div class=\"screen-reader-response\"><p role=\"status\" aria-live=\"polite\" aria-atomic=\"true\"><\/p> <ul><\/ul><\/div>\n<form action=\"\/sq\/wp-json\/wp\/v2\/pages\/3692#wpcf7-f2256-o1\" method=\"post\" class=\"wpcf7-form init\" aria-label=\"Contact form\" novalidate=\"novalidate\" data-status=\"init\" data-trp-original-action=\"\/sq\/wp-json\/wp\/v2\/pages\/3692#wpcf7-f2256-o1\">\n<fieldset class=\"hidden-fields-container\"><input type=\"hidden\" name=\"_wpcf7\" value=\"2256\" \/><input type=\"hidden\" name=\"_wpcf7_version\" value=\"6.1.5\" \/><input type=\"hidden\" name=\"_wpcf7_locale\" value=\"en_US\" \/><input type=\"hidden\" name=\"_wpcf7_unit_tag\" value=\"wpcf7-f2256-o1\" \/><input type=\"hidden\" name=\"_wpcf7_container_post\" value=\"0\" \/><input type=\"hidden\" name=\"_wpcf7_posted_data_hash\" value=\"\" \/>\n<\/fieldset>\n<div id=\"contact_form\" class=\"contact_form\">\n\t<div class=\"form-grid\">\n\t\t<div class=\"form-group\">\n\t\t\t<p><span class=\"icon\"><i class=\"fa-solid fa-user\"><\/i><\/span><br \/>\n<span class=\"wpcf7-form-control-wrap\" data-name=\"your-name\"><input size=\"40\" maxlength=\"400\" class=\"wpcf7-form-control wpcf7-text\" aria-invalid=\"false\" placeholder=\"Emri yt\" value=\"\" type=\"text\" name=\"your-name\" \/><\/span>\n\t\t\t<\/p>\n\t\t<\/div>\n\t\t<div class=\"form-group\">\n\t\t\t<p><span class=\"icon\"><i class=\"fa-regular fa-envelope\"><\/i><\/span><br \/>\n<span class=\"wpcf7-form-control-wrap\" data-name=\"your-email\"><input size=\"40\" maxlength=\"400\" class=\"wpcf7-form-control wpcf7-email wpcf7-validates-as-required wpcf7-text wpcf7-validates-as-email\" aria-required=\"true\" aria-invalid=\"false\" placeholder=\"Emaili juaj\" value=\"\" type=\"email\" name=\"your-email\" \/><\/span>\n\t\t\t<\/p>\n\t\t<\/div>\n\t<\/div>\n\t<div class=\"form-grid\">\n\t\t<div class=\"form-group\">\n\t\t\t<p><span class=\"icon\"><i class=\"fa-solid fa-phone\"><\/i><\/span><br \/>\n<span class=\"wpcf7-form-control-wrap\" data-name=\"your-phone\"><input size=\"40\" maxlength=\"400\" class=\"wpcf7-form-control wpcf7-tel wpcf7-text wpcf7-validates-as-tel\" aria-invalid=\"false\" placeholder=\"Numri i telefonit.\" value=\"\" type=\"tel\" name=\"your-phone\" \/><\/span>\n\t\t\t<\/p>\n\t\t<\/div>\n\t\t<div class=\"form-group\">\n\t\t\t<p><span class=\"wpcf7-form-control-wrap\" data-name=\"your-service\"><input size=\"40\" maxlength=\"400\" class=\"wpcf7-form-control wpcf7-text\" aria-invalid=\"false\" placeholder=\"\u00c7far\u00eb ke nevoj\u00eb?\" value=\"\" type=\"text\" name=\"your-service\" \/><\/span>\n\t\t\t<\/p>\n\t\t<\/div>\n\t<\/div>\n\t<div class=\"form-group\">\n\t\t<p><span class=\"wpcf7-form-control-wrap\" data-name=\"your-message\"><textarea cols=\"30\" rows=\"5\" maxlength=\"2000\" class=\"wpcf7-form-control wpcf7-textarea wpcf7-validates-as-required\" aria-required=\"true\" aria-invalid=\"false\" placeholder=\"Shkruani mesazhin tuaj\" name=\"your-message\"><\/textarea><\/span>\n\t\t<\/p>\n\t<\/div>\n\t<div class=\"form-group terms\">\n\t\t<p><span class=\"wpcf7-form-control-wrap\" data-name=\"terms\"><span class=\"wpcf7-form-control wpcf7-acceptance optional\"><span class=\"wpcf7-list-item\"><label><input type=\"checkbox\" name=\"terms\" value=\"1\" aria-invalid=\"false\" \/><span class=\"wpcf7-list-item-label\">Un\u00eb pajtohem me t\u00eb gjitha kushtet dhe rregullat.<\/span><\/label><\/span><\/span><\/span>\n\t\t<\/p>\n\t<\/div>\n\t<p><button type=\"submit\" class=\"theme-btn bg-dark mt-35\"><br \/>\n<span class=\"link-effect\"><br \/>\n<span class=\"btn-title\">Dor\u00ebzo tani<\/span><br \/>\n<\/span><i class=\"fa-regular fa-arrow-right-long\"><\/i><br \/>\n<\/button>\n\t<\/p>\n<\/div><div class=\"wpcf7-response-output\" aria-hidden=\"true\"><\/div>\n<input type=\"hidden\" name=\"trp-form-language\" value=\"sq\"\/><\/form>\n<\/div>\n                        <\/div>\r\n                    <\/div>\r\n                    <div class=\"col-lg-1 lg-d-none\"><\/div>\r\n                    <div class=\"col-lg-5\">\r\n                        <div class=\"contact-content-wrap\">\r\n                            <div class=\"title-area\">\r\n                                <div class=\"sub-title\">\r\n                                                                            <span><i class=\"asterisk\"><\/i><\/span>K\u00ebrko nj\u00eb ofert\u00eb                                                                    <\/div>\r\n                                <h2 class=\"sec-title\">Na tregoni p\u00ebr asetet tuaja IT \u2014 ne do t\u00eb merremi me pjes\u00ebn tjet\u00ebr<\/h2>\r\n                            <\/div>\r\n                            <div class=\"contact-img br-10 overlay-anim1\">\r\n\r\n                                                                    <img decoding=\"async\" class=\"hover-reveal-item\" src=\"https:\/\/bentol.themevally.com\/wp-content\/uploads\/2024\/11\/contact-01.jpg\" alt=\"image\">\r\n                                \r\n                                <a href=\"https:\/\/www.tcp-global.eu\/sq\/kontaktoni\/\" class=\"contact-info\">\r\n                                    <div class=\"icon\"><i class=\"icon-phone-circle\" style=\"background-image:url(https:\/\/bentol.themevally.com\/wp-content\/uploads\/2024\/11\/phone-circle.png);\"><\/i><\/div>\r\n                                    <div class=\"number\">Na kontaktoni<\/div>\r\n                                <\/a>\r\n                            <\/div>\r\n                        <\/div>\r\n                    <\/div>\r\n                <\/div>\r\n            <\/div>\r\n        <\/section>\r\n\r\n\r\n        \t\t\t\t<\/div>\n\t\t\t\t<\/div>\n\t\t\t\t<\/div>\n\t\t\t\t<\/div>","protected":false},"excerpt":{"rendered":"<p>Request a Quote \/ Consultation (24\/7 available) I agree to all terms and conditions. &nbsp; Submit Now &nbsp; REQUEST A QUOTE Tell us about your IT assets \u2014 we\u2019ll handle the rest Contact Us<\/p>","protected":false},"author":1,"featured_media":0,"parent":0,"menu_order":0,"comment_status":"closed","ping_status":"closed","template":"","meta":{"_acf_changed":false,"_joinchat":[],"footnotes":""},"class_list":["post-3692","page","type-page","status-publish","hentry"],"acf":[],"_links":{"self":[{"href":"https:\/\/www.tcp-global.eu\/sq\/wp-json\/wp\/v2\/pages\/3692","targetHints":{"allow":["GET"]}}],"collection":[{"href":"https:\/\/www.tcp-global.eu\/sq\/wp-json\/wp\/v2\/pages"}],"about":[{"href":"https:\/\/www.tcp-global.eu\/sq\/wp-json\/wp\/v2\/types\/page"}],"author":[{"embeddable":true,"href":"https:\/\/www.tcp-global.eu\/sq\/wp-json\/wp\/v2\/users\/1"}],"replies":[{"embeddable":true,"href":"https:\/\/www.tcp-global.eu\/sq\/wp-json\/wp\/v2\/comments?post=3692"}],"version-history":[{"count":8,"href":"https:\/\/www.tcp-global.eu\/sq\/wp-json\/wp\/v2\/pages\/3692\/revisions"}],"predecessor-version":[{"id":5825,"href":"https:\/\/www.tcp-global.eu\/sq\/wp-json\/wp\/v2\/pages\/3692\/revisions\/5825"}],"wp:attachment":[{"href":"https:\/\/www.tcp-global.eu\/sq\/wp-json\/wp\/v2\/media?parent=3692"}],"curies":[{"name":"wp","href":"https:\/\/api.w.org\/{rel}","templated":true}]}}